{"id":7412,"date":"2024-02-14T08:49:53","date_gmt":"2024-02-14T13:49:53","guid":{"rendered":"https:\/\/www.gwwilliam.com\/dessinateur-dessinatrice-industriel\/"},"modified":"2024-02-14T09:02:05","modified_gmt":"2024-02-14T14:02:05","slug":"industrial-draughtsman","status":"publish","type":"page","link":"https:\/\/www.gwwilliam.com\/en\/industrial-draughtsman\/","title":{"rendered":"Industrial Draughtsman"},"content":{"rendered":"<p>[vc_row row_type=&#8221;row&#8221; use_row_as_full_screen_section=&#8221;no&#8221; type=&#8221;full_width&#8221; oblique_section=&#8221;no&#8221; text_align=&#8221;left&#8221; css_animation=&#8221;&#8221;][vc_column][vc_empty_space height=&#8221;60px&#8221; image_repeat=&#8221;no-repeat&#8221;][vc_single_image image=&#8221;7407&#8243; img_size=&#8221;full&#8221; alignment=&#8221;center&#8221; qode_css_animation=&#8221;&#8221;][vc_empty_space height=&#8221;60px&#8221; image_repeat=&#8221;no-repeat&#8221;][\/vc_column][\/vc_row][vc_row row_type=&#8221;row&#8221; use_row_as_full_screen_section=&#8221;no&#8221; type=&#8221;full_width&#8221; oblique_section=&#8221;no&#8221; text_align=&#8221;left&#8221; css_animation=&#8221;&#8221;][vc_column][vc_column_text]<\/p>\n<h2><strong><span class=\"d2edcug0 hpfvmrgz qv66sw1b c1et5uql lr9zc1uh a8c37x1j keod5gw0 nxhoafnm aigsh9s9 l1jc4y16 fe6kdd0r mau55g9w c8b282yb rwim8176 mhxlubs3 p5u9llcw hnhda86s oo9gr5id hzawbc8m\" dir=\"auto\">Industrial Draughtsman (Furniture and monuments)<\/span><\/strong><\/h2>\n<h4><\/h4>\n<p><span class=\"d2edcug0 hpfvmrgz qv66sw1b c1et5uql lr9zc1uh a8c37x1j keod5gw0 nxhoafnm aigsh9s9 d3f4x2em fe6kdd0r mau55g9w c8b282yb iv3no6db jq4qci2q a3bd9o3v b1v8xokw oo9gr5id\" dir=\"auto\">Job description :<\/span><\/p>\n<p>The 3D Modeling Draftsperson performs production and finishing modeling of furniture (upholstery, nailing, hardware, etc.) as well as monuments (for our funeral division) for the needs of the sales and marketing departments. He\/she will also design various furniture and monuments in 2D and 3D.<\/p>\n<div>\n<ul>\n<li>Create models from existing models for furniture finishing (reverse engineering);<\/li>\n<li>Design and prepare furniture manufacturing drawings with technical specifications (assembly drawings, exploded views, manufacturing detail drawings, dimensioning, etc.);<\/li>\n<li>Produce drawings of assembly parts in 3 dimensions;<\/li>\n<li>Design and\/or modify existing assemblies;<\/li>\n<li>Prepare illustrations, sketches and detailed images as requested;<\/li>\n<li>Prepare and produce technical drawings in response to requests from customer service agents;<\/li>\n<li>Any other tasks within his\/her qualifications.<\/li>\n<\/ul>\n<h4><span style=\"font-style: inherit; font-weight: inherit;\"><strong><br \/>\n<\/strong>Desired profile :<\/span><\/h4>\n<ul>\n<li>Software experience: Solid Edge, Inventor, Photoshop, OPTITECH, GERBER or LECTRA<\/li>\n<li>Rigorous, meticulous, conscientious<\/li>\n<li>Mechanical knowledge<\/li>\n<li>Strong team spirit, good interpersonal skills and an excellent sense of service and a job well done.<\/li>\n<\/ul>\n<p class=\"ii04i59q ihqw7lf3 discj3wi dhix69tm wkznzc2l\">You will receive in-house training on the job&#8217;s techniques and procedures.<\/p>\n<p class=\"ii04i59q ihqw7lf3 discj3wi dhix69tm wkznzc2l\"><strong>Full-time position<\/strong><\/p>\n<p>&nbsp;<\/p>\n<\/div>\n<p>[\/vc_column_text][vc_empty_space height=&#8221;60px&#8221; image_repeat=&#8221;no-repeat&#8221;][\/vc_column][\/vc_row][vc_row row_type=&#8221;row&#8221; use_row_as_full_screen_section=&#8221;no&#8221; type=&#8221;full_width&#8221; oblique_section=&#8221;no&#8221; text_align=&#8221;left&#8221; css_animation=&#8221;&#8221;][vc_column][vc_empty_space height=&#8221;60px&#8221; image_repeat=&#8221;no-repeat&#8221;][vc_column_text]<\/p>\n<h1>Job application form<\/h1>\n<p>[\/vc_column_text][vc_empty_space height=&#8221;60px&#8221; image_repeat=&#8221;no-repeat&#8221;]\n<div class=\"wpcf7 no-js\" id=\"wpcf7-f4507-o1\" lang=\"\" dir=\"ltr\" data-wpcf7-id=\"4507\">\n<div class=\"screen-reader-response\"><p role=\"status\" aria-live=\"polite\" aria-atomic=\"true\"><\/p> <ul><\/ul><\/div>\n<form action=\"\/en\/wp-json\/wp\/v2\/pages\/7412#wpcf7-f4507-o1\" method=\"post\" class=\"wpcf7-form init cf7_custom_style_1\" aria-label=\"Contact form\" enctype=\"multipart\/form-data\" novalidate=\"novalidate\" data-status=\"init\">\n<fieldset class=\"hidden-fields-container\"><input type=\"hidden\" name=\"_wpcf7\" value=\"4507\" \/><input type=\"hidden\" name=\"_wpcf7_version\" value=\"6.1.4\" \/><input type=\"hidden\" name=\"_wpcf7_locale\" value=\"\" \/><input type=\"hidden\" name=\"_wpcf7_unit_tag\" value=\"wpcf7-f4507-o1\" \/><input type=\"hidden\" name=\"_wpcf7_container_post\" value=\"0\" \/><input type=\"hidden\" name=\"_wpcf7_posted_data_hash\" value=\"\" \/>\n<\/fieldset>\n<p><label> Votre pr\u00e9nom (requis)<br \/>\n<span class=\"wpcf7-form-control-wrap\" data-name=\"your-firstname\"><input size=\"40\" maxlength=\"400\" class=\"wpcf7-form-control wpcf7-text wpcf7-validates-as-required\" aria-required=\"true\" aria-invalid=\"false\" value=\"\" type=\"text\" name=\"your-firstname\" \/><\/span> <\/label>\n<\/p>\n<p><label> Votre nom (requis)<br \/>\n<span class=\"wpcf7-form-control-wrap\" data-name=\"your-lastname\"><input size=\"40\" maxlength=\"400\" class=\"wpcf7-form-control wpcf7-text wpcf7-validates-as-required\" aria-required=\"true\" aria-invalid=\"false\" value=\"\" type=\"text\" name=\"your-lastname\" \/><\/span> <\/label>\n<\/p>\n<p><label> Votre adresse de messagerie (requis)<br \/>\n<span class=\"wpcf7-form-control-wrap\" data-name=\"your-email\"><input size=\"40\" maxlength=\"400\" class=\"wpcf7-form-control wpcf7-email wpcf7-validates-as-required wpcf7-text wpcf7-validates-as-email\" aria-required=\"true\" aria-invalid=\"false\" value=\"\" type=\"email\" name=\"your-email\" \/><\/span> <\/label>\n<\/p>\n<p><label> Votre num\u00e9ro de t\u00e9l\u00e9phone principal (requis)<br \/>\n<span class=\"wpcf7-form-control-wrap\" data-name=\"tel-689\"><input size=\"40\" maxlength=\"400\" class=\"wpcf7-form-control wpcf7-tel wpcf7-validates-as-required wpcf7-text wpcf7-validates-as-tel\" aria-required=\"true\" aria-invalid=\"false\" value=\"\" type=\"tel\" name=\"tel-689\" \/><\/span> <\/label>\n<\/p>\n<p><label> Votre num\u00e9ro de t\u00e9l\u00e9phone secondaire (facultatif)<br \/>\n<span class=\"wpcf7-form-control-wrap\" data-name=\"tel-690\"><input size=\"40\" maxlength=\"400\" class=\"wpcf7-form-control wpcf7-tel wpcf7-text wpcf7-validates-as-tel\" aria-invalid=\"false\" value=\"\" type=\"tel\" name=\"tel-690\" \/><\/span> <\/label>\n<\/p>\n<p><label> Poste convoit\u00e9 (requis)<br \/>\n<span class=\"wpcf7-form-control-wrap\" data-name=\"your-offer\"><input size=\"40\" maxlength=\"400\" class=\"wpcf7-form-control wpcf7-text wpcf7-validates-as-required\" aria-required=\"true\" aria-invalid=\"false\" value=\"\" type=\"text\" name=\"your-offer\" \/><\/span> <\/label>\n<\/p>\n<p><label> Notes \u00e0 notre intention (facultatif)<br \/>\n<span class=\"wpcf7-form-control-wrap\" data-name=\"your-message\"><textarea cols=\"40\" rows=\"10\" maxlength=\"2000\" class=\"wpcf7-form-control wpcf7-textarea\" aria-invalid=\"false\" name=\"your-message\"><\/textarea><\/span> <\/label>\n<\/p>\n<p><label> T\u00e9l\u00e9verser votre curriculum vitae (requis)<br \/>\n<span class=\"wpcf7-form-control-wrap\" data-name=\"file-720\"><input size=\"40\" class=\"wpcf7-form-control wpcf7-file wpcf7-validates-as-required\" accept=\".pdf,.pdf,.doc,.doc,.docx,.docx\" aria-required=\"true\" aria-invalid=\"false\" type=\"file\" name=\"file-720\" \/><\/span> <\/label>\n<\/p>\n<p><label> T\u00e9l\u00e9verser votre lettre de motivation (facultatif)<br \/>\n<span class=\"wpcf7-form-control-wrap\" data-name=\"file-721\"><input size=\"40\" class=\"wpcf7-form-control wpcf7-file\" accept=\".pdf,.pdf,.doc,.doc,.docx,.docx\" aria-invalid=\"false\" type=\"file\" name=\"file-721\" \/><\/span> <\/label>\n<\/p>\n<p><span class=\"wpcf7-form-control-wrap\" data-name=\"hcap-cf7\">\t\t<input\n\t\t\t\ttype=\"hidden\"\n\t\t\t\tclass=\"hcaptcha-widget-id\"\n\t\t\t\tname=\"hcaptcha-widget-id\"\n\t\t\t\tvalue=\"eyJzb3VyY2UiOlsiY29udGFjdC1mb3JtLTdcL3dwLWNvbnRhY3QtZm9ybS03LnBocCJdLCJmb3JtX2lkIjo0NTA3fQ==-cc3c3b73272550289c9ecdb0bdfd170c\">\n\t\t\t\t<span id=\"hcap_cf7-69e1aee99329c8.34191743\" class=\"wpcf7-form-control h-captcha \"\n\t\t\tdata-sitekey=\"e3e6635e-05ea-4e32-9b36-408ecda0e43c\"\n\t\t\tdata-theme=\"light\"\n\t\t\tdata-size=\"normal\"\n\t\t\tdata-auto=\"false\"\n\t\t\tdata-ajax=\"false\"\n\t\t\tdata-force=\"false\">\n\t\t<\/span>\n\t\t<input type=\"hidden\" id=\"_wpnonce\" name=\"_wpnonce\" value=\"eac5b5305f\" \/><input type=\"hidden\" name=\"_wp_http_referer\" value=\"\/en\/wp-json\/wp\/v2\/pages\/7412\" \/><\/span><input class=\"wpcf7-form-control wpcf7-submit has-spinner\" type=\"submit\" value=\"Envoyer\" \/>\n<\/p><div class=\"wpcf7-response-output\" aria-hidden=\"true\"><\/div>\n<\/form>\n<\/div>\n[\/vc_column][\/vc_row]<\/p>\n","protected":false},"excerpt":{"rendered":"<p>[vc_row row_type=&#8221;row&#8221; use_row_as_full_screen_section=&#8221;no&#8221; type=&#8221;full_width&#8221; oblique_section=&#8221;no&#8221; text_align=&#8221;left&#8221; css_animation=&#8221;&#8221;][vc_column][vc_empty_space height=&#8221;60px&#8221; image_repeat=&#8221;no-repeat&#8221;][vc_single_image image=&#8221;7407&#8243; img_size=&#8221;full&#8221; alignment=&#8221;center&#8221; qode_css_animation=&#8221;&#8221;][vc_empty_space height=&#8221;60px&#8221; image_repeat=&#8221;no-repeat&#8221;][\/vc_column][\/vc_row][vc_row row_type=&#8221;row&#8221; use_row_as_full_screen_section=&#8221;no&#8221; type=&#8221;full_width&#8221; oblique_section=&#8221;no&#8221; text_align=&#8221;left&#8221; css_animation=&#8221;&#8221;][vc_column][vc_column_text] Industrial Draughtsman (Furniture and monuments) Job description : The 3D Modeling Draftsperson performs production and finishing modeling of furniture (upholstery, nailing, hardware, etc.) as&#8230;<\/p>\n","protected":false},"author":7,"featured_media":0,"parent":0,"menu_order":13,"comment_status":"closed","ping_status":"closed","template":"","meta":{"_acf_changed":false,"_monsterinsights_skip_tracking":false,"_monsterinsights_sitenote_active":false,"_monsterinsights_sitenote_note":"","_monsterinsights_sitenote_category":0,"footnotes":""},"class_list":["post-7412","page","type-page","status-publish","hentry"],"acf":[],"yoast_head":"<!-- This site is optimized with the Yoast SEO plugin v26.8 - https:\/\/yoast.com\/product\/yoast-seo-wordpress\/ -->\n<title>Industrial Draughtsman - William - Fabricant de meubles<\/title>\n<meta name=\"robots\" content=\"index, follow, max-snippet:-1, max-image-preview:large, max-video-preview:-1\" \/>\n<link rel=\"canonical\" href=\"https:\/\/www.gwwilliam.com\/en\/industrial-draughtsman\/\" \/>\n<meta property=\"og:locale\" content=\"en_US\" \/>\n<meta property=\"og:type\" content=\"article\" \/>\n<meta property=\"og:title\" content=\"Industrial Draughtsman - William - Fabricant de meubles\" \/>\n<meta property=\"og:description\" content=\"[vc_row row_type=&#8221;row&#8221; use_row_as_full_screen_section=&#8221;no&#8221; type=&#8221;full_width&#8221; oblique_section=&#8221;no&#8221; text_align=&#8221;left&#8221; css_animation=&#8221;&#8221;][vc_column][vc_empty_space height=&#8221;60px&#8221; image_repeat=&#8221;no-repeat&#8221;][vc_single_image image=&#8221;7407&#8243; img_size=&#8221;full&#8221; alignment=&#8221;center&#8221; qode_css_animation=&#8221;&#8221;][vc_empty_space height=&#8221;60px&#8221; image_repeat=&#8221;no-repeat&#8221;][\/vc_column][\/vc_row][vc_row row_type=&#8221;row&#8221; use_row_as_full_screen_section=&#8221;no&#8221; type=&#8221;full_width&#8221; oblique_section=&#8221;no&#8221; text_align=&#8221;left&#8221; css_animation=&#8221;&#8221;][vc_column][vc_column_text] Industrial Draughtsman (Furniture and monuments) Job description : The 3D Modeling Draftsperson performs production and finishing modeling of furniture (upholstery, nailing, hardware, etc.) as...\" \/>\n<meta property=\"og:url\" content=\"https:\/\/www.gwwilliam.com\/en\/industrial-draughtsman\/\" \/>\n<meta property=\"og:site_name\" content=\"William - Fabricant de meubles\" \/>\n<meta property=\"article:modified_time\" content=\"2024-02-14T14:02:05+00:00\" \/>\n<meta name=\"twitter:card\" content=\"summary_large_image\" \/>\n<meta name=\"twitter:label1\" content=\"Est. reading time\" \/>\n\t<meta name=\"twitter:data1\" content=\"2 minutes\" \/>\n<script type=\"application\/ld+json\" class=\"yoast-schema-graph\">{\"@context\":\"https:\/\/schema.org\",\"@graph\":[{\"@type\":\"WebPage\",\"@id\":\"https:\/\/www.gwwilliam.com\/en\/industrial-draughtsman\/\",\"url\":\"https:\/\/www.gwwilliam.com\/en\/industrial-draughtsman\/\",\"name\":\"Industrial Draughtsman - William - Fabricant de meubles\",\"isPartOf\":{\"@id\":\"\/#website\"},\"datePublished\":\"2024-02-14T13:49:53+00:00\",\"dateModified\":\"2024-02-14T14:02:05+00:00\",\"breadcrumb\":{\"@id\":\"https:\/\/www.gwwilliam.com\/en\/industrial-draughtsman\/#breadcrumb\"},\"inLanguage\":\"en-US\",\"potentialAction\":[{\"@type\":\"ReadAction\",\"target\":[\"https:\/\/www.gwwilliam.com\/en\/industrial-draughtsman\/\"]}]},{\"@type\":\"BreadcrumbList\",\"@id\":\"https:\/\/www.gwwilliam.com\/en\/industrial-draughtsman\/#breadcrumb\",\"itemListElement\":[{\"@type\":\"ListItem\",\"position\":1,\"name\":\"Accueil\",\"item\":\"https:\/\/www.gwwilliam.com\/en\/\"},{\"@type\":\"ListItem\",\"position\":2,\"name\":\"Industrial Draughtsman\"}]},{\"@type\":\"WebSite\",\"@id\":\"\/#website\",\"url\":\"\/\",\"name\":\"William - Fabricant de meubles\",\"description\":\"L&#039;expression de l&#039;int\u00e9rieur\",\"publisher\":{\"@id\":\"\/#organization\"},\"potentialAction\":[{\"@type\":\"SearchAction\",\"target\":{\"@type\":\"EntryPoint\",\"urlTemplate\":\"\/?s={search_term_string}\"},\"query-input\":{\"@type\":\"PropertyValueSpecification\",\"valueRequired\":true,\"valueName\":\"search_term_string\"}}],\"inLanguage\":\"en-US\"},{\"@type\":\"Organization\",\"@id\":\"\/#organization\",\"name\":\"William Mill\u00e9naire\",\"url\":\"\/\",\"logo\":{\"@type\":\"ImageObject\",\"inLanguage\":\"en-US\",\"@id\":\"\/#\/schema\/logo\/image\/\",\"url\":\"https:\/\/www.gwwilliam.com\/wp-content\/uploads\/2020\/04\/William-logo.png\",\"contentUrl\":\"https:\/\/www.gwwilliam.com\/wp-content\/uploads\/2020\/04\/William-logo.png\",\"width\":300,\"height\":62,\"caption\":\"William Mill\u00e9naire\"},\"image\":{\"@id\":\"\/#\/schema\/logo\/image\/\"}}]}<\/script>\n<!-- \/ Yoast SEO plugin. -->","yoast_head_json":{"title":"Industrial Draughtsman - William - Fabricant de meubles","robots":{"index":"index","follow":"follow","max-snippet":"max-snippet:-1","max-image-preview":"max-image-preview:large","max-video-preview":"max-video-preview:-1"},"canonical":"https:\/\/www.gwwilliam.com\/en\/industrial-draughtsman\/","og_locale":"en_US","og_type":"article","og_title":"Industrial Draughtsman - William - Fabricant de meubles","og_description":"[vc_row row_type=&#8221;row&#8221; use_row_as_full_screen_section=&#8221;no&#8221; type=&#8221;full_width&#8221; oblique_section=&#8221;no&#8221; text_align=&#8221;left&#8221; css_animation=&#8221;&#8221;][vc_column][vc_empty_space height=&#8221;60px&#8221; image_repeat=&#8221;no-repeat&#8221;][vc_single_image image=&#8221;7407&#8243; img_size=&#8221;full&#8221; alignment=&#8221;center&#8221; qode_css_animation=&#8221;&#8221;][vc_empty_space height=&#8221;60px&#8221; image_repeat=&#8221;no-repeat&#8221;][\/vc_column][\/vc_row][vc_row row_type=&#8221;row&#8221; use_row_as_full_screen_section=&#8221;no&#8221; type=&#8221;full_width&#8221; oblique_section=&#8221;no&#8221; text_align=&#8221;left&#8221; css_animation=&#8221;&#8221;][vc_column][vc_column_text] Industrial Draughtsman (Furniture and monuments) Job description : The 3D Modeling Draftsperson performs production and finishing modeling of furniture (upholstery, nailing, hardware, etc.) as...","og_url":"https:\/\/www.gwwilliam.com\/en\/industrial-draughtsman\/","og_site_name":"William - Fabricant de meubles","article_modified_time":"2024-02-14T14:02:05+00:00","twitter_card":"summary_large_image","twitter_misc":{"Est. reading time":"2 minutes"},"schema":{"@context":"https:\/\/schema.org","@graph":[{"@type":"WebPage","@id":"https:\/\/www.gwwilliam.com\/en\/industrial-draughtsman\/","url":"https:\/\/www.gwwilliam.com\/en\/industrial-draughtsman\/","name":"Industrial Draughtsman - William - Fabricant de meubles","isPartOf":{"@id":"\/#website"},"datePublished":"2024-02-14T13:49:53+00:00","dateModified":"2024-02-14T14:02:05+00:00","breadcrumb":{"@id":"https:\/\/www.gwwilliam.com\/en\/industrial-draughtsman\/#breadcrumb"},"inLanguage":"en-US","potentialAction":[{"@type":"ReadAction","target":["https:\/\/www.gwwilliam.com\/en\/industrial-draughtsman\/"]}]},{"@type":"BreadcrumbList","@id":"https:\/\/www.gwwilliam.com\/en\/industrial-draughtsman\/#breadcrumb","itemListElement":[{"@type":"ListItem","position":1,"name":"Accueil","item":"https:\/\/www.gwwilliam.com\/en\/"},{"@type":"ListItem","position":2,"name":"Industrial Draughtsman"}]},{"@type":"WebSite","@id":"\/#website","url":"\/","name":"William - Fabricant de meubles","description":"L&#039;expression de l&#039;int\u00e9rieur","publisher":{"@id":"\/#organization"},"potentialAction":[{"@type":"SearchAction","target":{"@type":"EntryPoint","urlTemplate":"\/?s={search_term_string}"},"query-input":{"@type":"PropertyValueSpecification","valueRequired":true,"valueName":"search_term_string"}}],"inLanguage":"en-US"},{"@type":"Organization","@id":"\/#organization","name":"William Mill\u00e9naire","url":"\/","logo":{"@type":"ImageObject","inLanguage":"en-US","@id":"\/#\/schema\/logo\/image\/","url":"https:\/\/www.gwwilliam.com\/wp-content\/uploads\/2020\/04\/William-logo.png","contentUrl":"https:\/\/www.gwwilliam.com\/wp-content\/uploads\/2020\/04\/William-logo.png","width":300,"height":62,"caption":"William Mill\u00e9naire"},"image":{"@id":"\/#\/schema\/logo\/image\/"}}]}},"_links":{"self":[{"href":"https:\/\/www.gwwilliam.com\/en\/wp-json\/wp\/v2\/pages\/7412","targetHints":{"allow":["GET"]}}],"collection":[{"href":"https:\/\/www.gwwilliam.com\/en\/wp-json\/wp\/v2\/pages"}],"about":[{"href":"https:\/\/www.gwwilliam.com\/en\/wp-json\/wp\/v2\/types\/page"}],"author":[{"embeddable":true,"href":"https:\/\/www.gwwilliam.com\/en\/wp-json\/wp\/v2\/users\/7"}],"replies":[{"embeddable":true,"href":"https:\/\/www.gwwilliam.com\/en\/wp-json\/wp\/v2\/comments?post=7412"}],"version-history":[{"count":3,"href":"https:\/\/www.gwwilliam.com\/en\/wp-json\/wp\/v2\/pages\/7412\/revisions"}],"predecessor-version":[{"id":7415,"href":"https:\/\/www.gwwilliam.com\/en\/wp-json\/wp\/v2\/pages\/7412\/revisions\/7415"}],"wp:attachment":[{"href":"https:\/\/www.gwwilliam.com\/en\/wp-json\/wp\/v2\/media?parent=7412"}],"curies":[{"name":"wp","href":"https:\/\/api.w.org\/{rel}","templated":true}]}}